{"id":51,"date":"2018-05-24T11:19:52","date_gmt":"2018-05-24T11:19:52","guid":{"rendered":"http:\/\/demo.athemes.com\/sydney-temp\/?page_id=4"},"modified":"2023-01-17T09:35:20","modified_gmt":"2023-01-17T09:35:20","slug":"my-front-page","status":"publish","type":"page","link":"https:\/\/www.orisa.com.hr\/en\/","title":{"rendered":"Home"},"content":{"rendered":"<div data-elementor-type=\"wp-post\" data-elementor-id=\"51\" class=\"elementor elementor-51\" data-elementor-settings=\"[]\">\n\t\t\t<div class=\"elementor-inner\">\n\t\t\t\t<div class=\"elementor-section-wrap\">\n\t\t\t\t\t\t\t<section class=\"elementor-element elementor-element-769b1cac elementor-section-boxed elementor-section-height-default elementor-section-height-default elementor-section elementor-top-section\" data-id=\"769b1cac\" data-element_type=\"section\">\n\t\t\t\t\t\t<div class=\"elementor-container elementor-column-gap-default\">\n\t\t\t\t<div class=\"elementor-row\">\n\t\t\t\t<div class=\"elementor-element elementor-element-70d2a40b elementor-column elementor-col-50 elementor-top-column\" data-id=\"70d2a40b\" data-element_type=\"column\">\n\t\t\t<div class=\"elementor-column-wrap  elementor-element-populated\">\n\t\t\t\t\t<div class=\"elementor-widget-wrap\">\n\t\t\t\t<div class=\"elementor-element elementor-element-130d12dc elementor-widget elementor-widget-text-editor\" data-id=\"130d12dc\" data-element_type=\"widget\" data-widget_type=\"text-editor.default\">\n\t\t\t\t<div class=\"elementor-widget-container\">\n\t\t\t\t\t<div class=\"elementor-text-editor elementor-clearfix\"><p><b>Orisa<\/b> is a representative company directed predominantly on the food assortment products.<br \/>We represent the producers from the European Union, mostly the Italian and Spanish exporters.<br \/>We pay special attention to the needs of our clients and the preferences of the market demand.\u00a0<\/p><p>The producers we work with are selected according to the following dual criteria:  quality of the products and professionalism.<br \/>We are at your disposal for any further information and inquiries.<\/p><\/div>\n\t\t\t\t<\/div>\n\t\t\t\t<\/div>\n\t\t\t\t\t\t<\/div>\n\t\t\t<\/div>\n\t\t<\/div>\n\t\t\t\t<div class=\"elementor-element elementor-element-14262a76 elementor-column elementor-col-50 elementor-top-column\" data-id=\"14262a76\" data-element_type=\"column\">\n\t\t\t<div class=\"elementor-column-wrap  elementor-element-populated\">\n\t\t\t\t\t<div class=\"elementor-widget-wrap\">\n\t\t\t\t<div class=\"elementor-element elementor-element-7d58a77 elementor-widget elementor-widget-image\" data-id=\"7d58a77\" data-element_type=\"widget\" data-widget_type=\"image.default\">\n\t\t\t\t<div class=\"elementor-widget-container\">\n\t\t\t\t\t<div class=\"elementor-image\">\n\t\t\t\t\t\t\t\t\t\t<img width=\"300\" height=\"255\" src=\"https:\/\/www.orisa.com.hr\/wp-content\/uploads\/2020\/01\/logo-1-300x255.png\" class=\"attachment-medium size-medium\" alt=\"\" decoding=\"async\" loading=\"lazy\" srcset=\"https:\/\/www.orisa.com.hr\/wp-content\/uploads\/2020\/01\/logo-1-300x255.png 300w, https:\/\/www.orisa.com.hr\/wp-content\/uploads\/2020\/01\/logo-1.png 463w\" sizes=\"(max-width: 300px) 100vw, 300px\" \/>\t\t\t\t\t\t\t\t\t\t\t<\/div>\n\t\t\t\t<\/div>\n\t\t\t\t<\/div>\n\t\t\t\t\t\t<\/div>\n\t\t\t<\/div>\n\t\t<\/div>\n\t\t\t\t\t\t<\/div>\n\t\t\t<\/div>\n\t\t<\/section>\n\t\t\t\t<section class=\"elementor-element elementor-element-80eae1d elementor-section-boxed elementor-section-height-default elementor-section-height-default elementor-section elementor-top-section\" data-id=\"80eae1d\" data-element_type=\"section\" data-settings=\"{&quot;background_background&quot;:&quot;classic&quot;}\">\n\t\t\t\t\t\t<div class=\"elementor-container elementor-column-gap-default\">\n\t\t\t\t<div class=\"elementor-row\">\n\t\t\t\t<div class=\"elementor-element elementor-element-e6ed739 elementor-column elementor-col-50 elementor-top-column\" data-id=\"e6ed739\" data-element_type=\"column\">\n\t\t\t<div class=\"elementor-column-wrap  elementor-element-populated\">\n\t\t\t\t\t<div class=\"elementor-widget-wrap\">\n\t\t\t\t<div class=\"elementor-element elementor-element-c02291d elementor-widget elementor-widget-menu-anchor\" data-id=\"c02291d\" data-element_type=\"widget\" data-widget_type=\"menu-anchor.default\">\n\t\t\t\t<div class=\"elementor-widget-container\">\n\t\t\t\t\t<div id=\"o-nama\" class=\"elementor-menu-anchor\"><\/div>\n\t\t\t\t<\/div>\n\t\t\t\t<\/div>\n\t\t\t\t<div class=\"elementor-element elementor-element-34067ea elementor-widget elementor-widget-heading\" data-id=\"34067ea\" data-element_type=\"widget\" data-widget_type=\"heading.default\">\n\t\t\t\t<div class=\"elementor-widget-container\">\n\t\t\t<h3 class=\"elementor-heading-title elementor-size-default\">About us<\/h3>\t\t<\/div>\n\t\t\t\t<\/div>\n\t\t\t\t<div class=\"elementor-element elementor-element-fe2dac5 elementor-hidden-tablet elementor-hidden-phone elementor-widget elementor-widget-divider\" data-id=\"fe2dac5\" data-element_type=\"widget\" data-widget_type=\"divider.default\">\n\t\t\t\t<div class=\"elementor-widget-container\">\n\t\t\t\t\t<div class=\"elementor-divider\">\n\t\t\t<span class=\"elementor-divider-separator\">\n\t\t\t\t\t\t<\/span>\n\t\t<\/div>\n\t\t\t\t<\/div>\n\t\t\t\t<\/div>\n\t\t\t\t<div class=\"elementor-element elementor-element-f620720 elementor-widget elementor-widget-text-editor\" data-id=\"f620720\" data-element_type=\"widget\" data-widget_type=\"text-editor.default\">\n\t\t\t\t<div class=\"elementor-widget-container\">\n\t\t\t\t\t<div class=\"elementor-text-editor elementor-clearfix\"><p>Working for over fifteen years in the purchasing department of several large retail chains, led to the idea of making a step forward to a somewhat more dynamic branch in this business. The inside knowledge of the retail chain sourcing processes gives us the advantage to anticipate the needs of the market and to help our clients in their growth by offering competitive prices and high quality products.<\/p><p><span style=\"background-color: transparent;\">We aspire to always make the demand and offer meet.<\/span><\/p><\/div>\n\t\t\t\t<\/div>\n\t\t\t\t<\/div>\n\t\t\t\t\t\t<\/div>\n\t\t\t<\/div>\n\t\t<\/div>\n\t\t\t\t<div class=\"elementor-element elementor-element-80ae196 elementor-column elementor-col-50 elementor-top-column\" data-id=\"80ae196\" data-element_type=\"column\">\n\t\t\t<div class=\"elementor-column-wrap  elementor-element-populated\">\n\t\t\t\t\t<div class=\"elementor-widget-wrap\">\n\t\t\t\t<div class=\"elementor-element elementor-element-4054f93 elementor-widget elementor-widget-image\" data-id=\"4054f93\" data-element_type=\"widget\" data-widget_type=\"image.default\">\n\t\t\t\t<div class=\"elementor-widget-container\">\n\t\t\t\t\t<div class=\"elementor-image\">\n\t\t\t\t\t\t\t\t\t\t<img width=\"1024\" height=\"683\" src=\"https:\/\/www.orisa.com.hr\/wp-content\/uploads\/2020\/01\/apple-business-computer-connection-392018-1024x683.jpg\" class=\"attachment-large size-large\" alt=\"\" decoding=\"async\" loading=\"lazy\" srcset=\"https:\/\/www.orisa.com.hr\/wp-content\/uploads\/2020\/01\/apple-business-computer-connection-392018-1024x683.jpg 1024w, https:\/\/www.orisa.com.hr\/wp-content\/uploads\/2020\/01\/apple-business-computer-connection-392018-300x200.jpg 300w, https:\/\/www.orisa.com.hr\/wp-content\/uploads\/2020\/01\/apple-business-computer-connection-392018-768x512.jpg 768w, https:\/\/www.orisa.com.hr\/wp-content\/uploads\/2020\/01\/apple-business-computer-connection-392018-1536x1024.jpg 1536w, https:\/\/www.orisa.com.hr\/wp-content\/uploads\/2020\/01\/apple-business-computer-connection-392018-2048x1365.jpg 2048w, https:\/\/www.orisa.com.hr\/wp-content\/uploads\/2020\/01\/apple-business-computer-connection-392018-830x553.jpg 830w, https:\/\/www.orisa.com.hr\/wp-content\/uploads\/2020\/01\/apple-business-computer-connection-392018-230x153.jpg 230w, https:\/\/www.orisa.com.hr\/wp-content\/uploads\/2020\/01\/apple-business-computer-connection-392018-350x233.jpg 350w, https:\/\/www.orisa.com.hr\/wp-content\/uploads\/2020\/01\/apple-business-computer-connection-392018-480x320.jpg 480w\" sizes=\"(max-width: 1024px) 100vw, 1024px\" \/>\t\t\t\t\t\t\t\t\t\t\t<\/div>\n\t\t\t\t<\/div>\n\t\t\t\t<\/div>\n\t\t\t\t\t\t<\/div>\n\t\t\t<\/div>\n\t\t<\/div>\n\t\t\t\t\t\t<\/div>\n\t\t\t<\/div>\n\t\t<\/section>\n\t\t\t\t<section class=\"elementor-element elementor-element-bc6556f elementor-section-boxed elementor-section-height-default elementor-section-height-default elementor-section elementor-top-section\" data-id=\"bc6556f\" data-element_type=\"section\">\n\t\t\t\t\t\t<div class=\"elementor-container elementor-column-gap-default\">\n\t\t\t\t<div class=\"elementor-row\">\n\t\t\t\t<div class=\"elementor-element elementor-element-69af5f3 elementor-column elementor-col-50 elementor-top-column\" data-id=\"69af5f3\" data-element_type=\"column\">\n\t\t\t<div class=\"elementor-column-wrap  elementor-element-populated\">\n\t\t\t\t\t<div class=\"elementor-widget-wrap\">\n\t\t\t\t<div class=\"elementor-element elementor-element-a6ab78e elementor-widget elementor-widget-menu-anchor\" data-id=\"a6ab78e\" data-element_type=\"widget\" data-widget_type=\"menu-anchor.default\">\n\t\t\t\t<div class=\"elementor-widget-container\">\n\t\t\t\t\t<div id=\"partneri\" class=\"elementor-menu-anchor\"><\/div>\n\t\t\t\t<\/div>\n\t\t\t\t<\/div>\n\t\t\t\t<div class=\"elementor-element elementor-element-3102b9f elementor-widget elementor-widget-heading\" data-id=\"3102b9f\" data-element_type=\"widget\" data-widget_type=\"heading.default\">\n\t\t\t\t<div class=\"elementor-widget-container\">\n\t\t\t<h3 class=\"elementor-heading-title elementor-size-default\">Partners<\/h3>\t\t<\/div>\n\t\t\t\t<\/div>\n\t\t\t\t<div class=\"elementor-element elementor-element-09708f3 elementor-hidden-tablet elementor-hidden-phone elementor-widget elementor-widget-divider\" data-id=\"09708f3\" data-element_type=\"widget\" data-widget_type=\"divider.default\">\n\t\t\t\t<div class=\"elementor-widget-container\">\n\t\t\t\t\t<div class=\"elementor-divider\">\n\t\t\t<span class=\"elementor-divider-separator\">\n\t\t\t\t\t\t<\/span>\n\t\t<\/div>\n\t\t\t\t<\/div>\n\t\t\t\t<\/div>\n\t\t\t\t<div class=\"elementor-element elementor-element-d52af9d elementor-widget elementor-widget-text-editor\" data-id=\"d52af9d\" data-element_type=\"widget\" data-widget_type=\"text-editor.default\">\n\t\t\t\t<div class=\"elementor-widget-container\">\n\t\t\t\t\t<div class=\"elementor-text-editor elementor-clearfix\"><p>In the food category, our partners are reliable companies from Holland, Italy and Spain. The experience we had so far with our existing clients proved exceptional professionalism and product quality. The products offered are both the original brand and the private label produced on request.<\/p><\/div>\n\t\t\t\t<\/div>\n\t\t\t\t<\/div>\n\t\t\t\t\t\t<\/div>\n\t\t\t<\/div>\n\t\t<\/div>\n\t\t\t\t<div class=\"elementor-element elementor-element-b921aec elementor-column elementor-col-50 elementor-top-column\" data-id=\"b921aec\" data-element_type=\"column\">\n\t\t\t<div class=\"elementor-column-wrap  elementor-element-populated\">\n\t\t\t\t\t<div class=\"elementor-widget-wrap\">\n\t\t\t\t<div class=\"elementor-element elementor-element-e0463f1 elementor-widget elementor-widget-image\" data-id=\"e0463f1\" data-element_type=\"widget\" data-widget_type=\"image.default\">\n\t\t\t\t<div class=\"elementor-widget-container\">\n\t\t\t\t\t<div class=\"elementor-image\">\n\t\t\t\t\t\t\t\t\t\t<img width=\"1024\" height=\"683\" src=\"https:\/\/www.orisa.com.hr\/wp-content\/uploads\/2021\/01\/forklift-835342_1920-1024x683.jpg\" class=\"attachment-large size-large\" alt=\"\" decoding=\"async\" loading=\"lazy\" srcset=\"https:\/\/www.orisa.com.hr\/wp-content\/uploads\/2021\/01\/forklift-835342_1920-1024x683.jpg 1024w, https:\/\/www.orisa.com.hr\/wp-content\/uploads\/2021\/01\/forklift-835342_1920-300x200.jpg 300w, https:\/\/www.orisa.com.hr\/wp-content\/uploads\/2021\/01\/forklift-835342_1920-768x512.jpg 768w, https:\/\/www.orisa.com.hr\/wp-content\/uploads\/2021\/01\/forklift-835342_1920-1536x1024.jpg 1536w, https:\/\/www.orisa.com.hr\/wp-content\/uploads\/2021\/01\/forklift-835342_1920-830x553.jpg 830w, https:\/\/www.orisa.com.hr\/wp-content\/uploads\/2021\/01\/forklift-835342_1920-230x153.jpg 230w, https:\/\/www.orisa.com.hr\/wp-content\/uploads\/2021\/01\/forklift-835342_1920-350x233.jpg 350w, https:\/\/www.orisa.com.hr\/wp-content\/uploads\/2021\/01\/forklift-835342_1920-480x320.jpg 480w, https:\/\/www.orisa.com.hr\/wp-content\/uploads\/2021\/01\/forklift-835342_1920.jpg 1920w\" sizes=\"(max-width: 1024px) 100vw, 1024px\" \/>\t\t\t\t\t\t\t\t\t\t\t<\/div>\n\t\t\t\t<\/div>\n\t\t\t\t<\/div>\n\t\t\t\t\t\t<\/div>\n\t\t\t<\/div>\n\t\t<\/div>\n\t\t\t\t\t\t<\/div>\n\t\t\t<\/div>\n\t\t<\/section>\n\t\t\t\t\t\t<\/div>\n\t\t\t<\/div>\n\t\t<\/div>","protected":false},"excerpt":{"rendered":"<p>Orisa je firma za posredovanje u trgovini usmjerena na asortiman prehrambenih artikala.Zastupamo proizvo\u0111a\u010de koji proizvode na podru\u010dju Europske Unije, prete\u017eno sa podru\u010dja Italije i \u0160panjolske.Posebnu pa\u017enju obra\u0107amo na potrebe klijenata i preferencije tr\u017ei\u0161ta.\u00a0 Proizvo\u0111a\u010di su birani po kriteriju kvalitete proizvoda i profesionalnosti u radu.Na raspolaganju smo za sve va\u0161e upite. Obratite nam se s povjerenjem. [&hellip;]<\/p>","protected":false},"author":1,"featured_media":0,"parent":0,"menu_order":0,"comment_status":"closed","ping_status":"closed","template":"page-templates\/page_front-page.php","meta":[],"yoast_head":"<!-- This site is optimized with the Yoast SEO plugin v19.13 - https:\/\/yoast.com\/wordpress\/plugins\/seo\/ -->\n<title>Home - Orisa<\/title>\n<meta name=\"description\" content=\"Orisa je firma za posredovanje u trgovini usmjerena na asortiman prehrambenih artikala.Zastupamo proizvo\u0111a\u010de koji proizvode na podru\u010dju Europske Unije, prete\u017eito sa podru\u010dja Italije i \u0160panjolske.Posebnu pa\u017enju obra\u0107amo na potrebe klijenata i preferencije tr\u017ei\u0161ta. Proizvo\u0111a\u010di su birani po kriteriju kvalitete proizvoda i profesionalnosti u radu.Na raspolaganju smo za sve vase upite. Obratite nam se s povjerenjem.\" \/>\n<meta name=\"robots\" content=\"index, follow, max-snippet:-1, max-image-preview:large, max-video-preview:-1\" \/>\n<link rel=\"canonical\" href=\"https:\/\/www.orisa.com.hr\/en\/\" \/>\n<meta property=\"og:locale\" content=\"en_GB\" \/>\n<meta property=\"og:type\" content=\"article\" \/>\n<meta property=\"og:title\" content=\"Home - Orisa\" \/>\n<meta property=\"og:description\" content=\"Orisa je firma za posredovanje u trgovini usmjerena na asortiman prehrambenih artikala.Zastupamo proizvo\u0111a\u010de koji proizvode na podru\u010dju Europske Unije, prete\u017eito sa podru\u010dja Italije i \u0160panjolske.Posebnu pa\u017enju obra\u0107amo na potrebe klijenata i preferencije tr\u017ei\u0161ta. Proizvo\u0111a\u010di su birani po kriteriju kvalitete proizvoda i profesionalnosti u radu.Na raspolaganju smo za sve vase upite. Obratite nam se s povjerenjem.\" \/>\n<meta property=\"og:url\" content=\"https:\/\/www.orisa.com.hr\/en\/\" \/>\n<meta property=\"og:site_name\" content=\"Orisa\" \/>\n<meta property=\"article:modified_time\" content=\"2023-01-17T09:35:20+00:00\" \/>\n<meta property=\"og:image\" content=\"http:\/\/www.orisa.com.hr\/wp-content\/uploads\/2020\/01\/logo-1-300x255.png\" \/>\n<meta name=\"twitter:card\" content=\"summary_large_image\" \/>\n<meta name=\"twitter:label1\" content=\"Estimated reading time\" \/>\n\t<meta name=\"twitter:data1\" content=\"1 minute\" \/>\n<script type=\"application\/ld+json\" class=\"yoast-schema-graph\">{\"@context\":\"https:\/\/schema.org\",\"@graph\":[{\"@type\":\"WebPage\",\"@id\":\"https:\/\/www.orisa.com.hr\/\",\"url\":\"https:\/\/www.orisa.com.hr\/\",\"name\":\"Home - Orisa\",\"isPartOf\":{\"@id\":\"https:\/\/www.orisa.com.hr\/#website\"},\"datePublished\":\"2018-05-24T11:19:52+00:00\",\"dateModified\":\"2023-01-17T09:35:20+00:00\",\"description\":\"Orisa je firma za posredovanje u trgovini usmjerena na asortiman prehrambenih artikala.Zastupamo proizvo\u0111a\u010de koji proizvode na podru\u010dju Europske Unije, prete\u017eito sa podru\u010dja Italije i \u0160panjolske.Posebnu pa\u017enju obra\u0107amo na potrebe klijenata i preferencije tr\u017ei\u0161ta. Proizvo\u0111a\u010di su birani po kriteriju kvalitete proizvoda i profesionalnosti u radu.Na raspolaganju smo za sve vase upite. Obratite nam se s povjerenjem.\",\"breadcrumb\":{\"@id\":\"https:\/\/www.orisa.com.hr\/#breadcrumb\"},\"inLanguage\":\"en-GB\",\"potentialAction\":[{\"@type\":\"ReadAction\",\"target\":[\"https:\/\/www.orisa.com.hr\/\"]}]},{\"@type\":\"BreadcrumbList\",\"@id\":\"https:\/\/www.orisa.com.hr\/#breadcrumb\",\"itemListElement\":[{\"@type\":\"ListItem\",\"position\":1,\"name\":\"Home\",\"item\":\"https:\/\/www.orisa.com.hr\/\"},{\"@type\":\"ListItem\",\"position\":2,\"name\":\"Home\"}]},{\"@type\":\"WebSite\",\"@id\":\"https:\/\/www.orisa.com.hr\/#website\",\"url\":\"https:\/\/www.orisa.com.hr\/\",\"name\":\"Orisa\",\"description\":\"\",\"publisher\":{\"@id\":\"https:\/\/www.orisa.com.hr\/#organization\"},\"potentialAction\":[{\"@type\":\"SearchAction\",\"target\":{\"@type\":\"EntryPoint\",\"urlTemplate\":\"https:\/\/www.orisa.com.hr\/?s={search_term_string}\"},\"query-input\":\"required name=search_term_string\"}],\"inLanguage\":\"en-GB\"},{\"@type\":\"Organization\",\"@id\":\"https:\/\/www.orisa.com.hr\/#organization\",\"name\":\"Orisa\",\"url\":\"https:\/\/www.orisa.com.hr\/\",\"logo\":{\"@type\":\"ImageObject\",\"inLanguage\":\"en-GB\",\"@id\":\"https:\/\/www.orisa.com.hr\/#\/schema\/logo\/image\/\",\"url\":\"http:\/\/www.orisa.com.hr\/wp-content\/uploads\/2020\/01\/logo-1.png\",\"contentUrl\":\"http:\/\/www.orisa.com.hr\/wp-content\/uploads\/2020\/01\/logo-1.png\",\"width\":463,\"height\":393,\"caption\":\"Orisa\"},\"image\":{\"@id\":\"https:\/\/www.orisa.com.hr\/#\/schema\/logo\/image\/\"}}]}<\/script>\n<!-- \/ Yoast SEO plugin. -->","yoast_head_json":{"title":"Home - Orisa","description":"Orisa je firma za posredovanje u trgovini usmjerena na asortiman prehrambenih artikala.Zastupamo proizvo\u0111a\u010de koji proizvode na podru\u010dju Europske Unije, prete\u017eito sa podru\u010dja Italije i \u0160panjolske.Posebnu pa\u017enju obra\u0107amo na potrebe klijenata i preferencije tr\u017ei\u0161ta. Proizvo\u0111a\u010di su birani po kriteriju kvalitete proizvoda i profesionalnosti u radu.Na raspolaganju smo za sve vase upite. Obratite nam se s povjerenjem.","robots":{"index":"index","follow":"follow","max-snippet":"max-snippet:-1","max-image-preview":"max-image-preview:large","max-video-preview":"max-video-preview:-1"},"canonical":"https:\/\/www.orisa.com.hr\/en\/","og_locale":"en_GB","og_type":"article","og_title":"Home - Orisa","og_description":"Orisa je firma za posredovanje u trgovini usmjerena na asortiman prehrambenih artikala.Zastupamo proizvo\u0111a\u010de koji proizvode na podru\u010dju Europske Unije, prete\u017eito sa podru\u010dja Italije i \u0160panjolske.Posebnu pa\u017enju obra\u0107amo na potrebe klijenata i preferencije tr\u017ei\u0161ta. Proizvo\u0111a\u010di su birani po kriteriju kvalitete proizvoda i profesionalnosti u radu.Na raspolaganju smo za sve vase upite. Obratite nam se s povjerenjem.","og_url":"https:\/\/www.orisa.com.hr\/en\/","og_site_name":"Orisa","article_modified_time":"2023-01-17T09:35:20+00:00","og_image":[{"url":"http:\/\/www.orisa.com.hr\/wp-content\/uploads\/2020\/01\/logo-1-300x255.png"}],"twitter_card":"summary_large_image","twitter_misc":{"Estimated reading time":"1 minute"},"schema":{"@context":"https:\/\/schema.org","@graph":[{"@type":"WebPage","@id":"https:\/\/www.orisa.com.hr\/","url":"https:\/\/www.orisa.com.hr\/","name":"Home - Orisa","isPartOf":{"@id":"https:\/\/www.orisa.com.hr\/#website"},"datePublished":"2018-05-24T11:19:52+00:00","dateModified":"2023-01-17T09:35:20+00:00","description":"Orisa je firma za posredovanje u trgovini usmjerena na asortiman prehrambenih artikala.Zastupamo proizvo\u0111a\u010de koji proizvode na podru\u010dju Europske Unije, prete\u017eito sa podru\u010dja Italije i \u0160panjolske.Posebnu pa\u017enju obra\u0107amo na potrebe klijenata i preferencije tr\u017ei\u0161ta. Proizvo\u0111a\u010di su birani po kriteriju kvalitete proizvoda i profesionalnosti u radu.Na raspolaganju smo za sve vase upite. Obratite nam se s povjerenjem.","breadcrumb":{"@id":"https:\/\/www.orisa.com.hr\/#breadcrumb"},"inLanguage":"en-GB","potentialAction":[{"@type":"ReadAction","target":["https:\/\/www.orisa.com.hr\/"]}]},{"@type":"BreadcrumbList","@id":"https:\/\/www.orisa.com.hr\/#breadcrumb","itemListElement":[{"@type":"ListItem","position":1,"name":"Home","item":"https:\/\/www.orisa.com.hr\/"},{"@type":"ListItem","position":2,"name":"Home"}]},{"@type":"WebSite","@id":"https:\/\/www.orisa.com.hr\/#website","url":"https:\/\/www.orisa.com.hr\/","name":"Orisa","description":"","publisher":{"@id":"https:\/\/www.orisa.com.hr\/#organization"},"potentialAction":[{"@type":"SearchAction","target":{"@type":"EntryPoint","urlTemplate":"https:\/\/www.orisa.com.hr\/?s={search_term_string}"},"query-input":"required name=search_term_string"}],"inLanguage":"en-GB"},{"@type":"Organization","@id":"https:\/\/www.orisa.com.hr\/#organization","name":"Orisa","url":"https:\/\/www.orisa.com.hr\/","logo":{"@type":"ImageObject","inLanguage":"en-GB","@id":"https:\/\/www.orisa.com.hr\/#\/schema\/logo\/image\/","url":"http:\/\/www.orisa.com.hr\/wp-content\/uploads\/2020\/01\/logo-1.png","contentUrl":"http:\/\/www.orisa.com.hr\/wp-content\/uploads\/2020\/01\/logo-1.png","width":463,"height":393,"caption":"Orisa"},"image":{"@id":"https:\/\/www.orisa.com.hr\/#\/schema\/logo\/image\/"}}]}},"_links":{"self":[{"href":"https:\/\/www.orisa.com.hr\/en\/wp-json\/wp\/v2\/pages\/51"}],"collection":[{"href":"https:\/\/www.orisa.com.hr\/en\/wp-json\/wp\/v2\/pages"}],"about":[{"href":"https:\/\/www.orisa.com.hr\/en\/wp-json\/wp\/v2\/types\/page"}],"author":[{"embeddable":true,"href":"https:\/\/www.orisa.com.hr\/en\/wp-json\/wp\/v2\/users\/1"}],"replies":[{"embeddable":true,"href":"https:\/\/www.orisa.com.hr\/en\/wp-json\/wp\/v2\/comments?post=51"}],"version-history":[{"count":35,"href":"https:\/\/www.orisa.com.hr\/en\/wp-json\/wp\/v2\/pages\/51\/revisions"}],"predecessor-version":[{"id":276,"href":"https:\/\/www.orisa.com.hr\/en\/wp-json\/wp\/v2\/pages\/51\/revisions\/276"}],"wp:attachment":[{"href":"https:\/\/www.orisa.com.hr\/en\/wp-json\/wp\/v2\/media?parent=51"}],"curies":[{"name":"wp","href":"https:\/\/api.w.org\/{rel}","templated":true}]}}